{"id":134,"date":"2023-05-24T09:12:23","date_gmt":"2023-05-24T07:12:23","guid":{"rendered":"https:\/\/e.matmaholik.pl\/?page_id=134"},"modified":"2023-05-25T09:18:46","modified_gmt":"2023-05-25T07:18:46","slug":"o-nas","status":"publish","type":"page","link":"https:\/\/e.matmaholik.pl\/index.php\/o-nas\/","title":{"rendered":"O nas"},"content":{"rendered":"<div style=\"width: 1200px;\" class=\"wp-video\"><video class=\"wp-video-shortcode\" id=\"video-134-1\" width=\"1200\" height=\"675\" loop autoplay preload=\"metadata\" controls=\"controls\"><source type=\"video\/mp4\" src=\"https:\/\/e.matmaholik.pl\/wp-content\/uploads\/2023\/05\/dlaczego-warto-z-nami-2.mp4?_=1\" \/><a href=\"https:\/\/e.matmaholik.pl\/wp-content\/uploads\/2023\/05\/dlaczego-warto-z-nami-2.mp4\">https:\/\/e.matmaholik.pl\/wp-content\/uploads\/2023\/05\/dlaczego-warto-z-nami-2.mp4<\/a><\/video><\/div>\n<p><strong>Dlaczego warto z nami nawi\u0105za\u0107 wsp\u00f3\u0142prac\u0119?<\/strong><\/p>\n<ul>\n<li>Transparentno\u015b\u0107 cen materia\u0142\u00f3w<\/li>\n<li>Na \u017c\u0105danie zamawiaj\u0105cego przedstawiam do wgl\u0105du faktur\u0119\/paragon\/dow\u00f3d zakupu z cen\u0105 zakupu materia\u0142u po wszystkich upustach.<\/li>\n<li><strong>Nie zawy\u017cam cen materia\u0142\u00f3w<\/strong> poza minimaln\u0105 konieczn\u0105 mar\u017c\u0105 za obs\u0142ug\u0119 zam\u00f3wienia. W szczeg\u00f3lno\u015bci nie wystawiam hurtowniom, w kt\u00f3rych kupuj\u0119, faktur koryguj\u0105cych, bilansuj\u0105cych, za marketing, za fikcyjne prace budowlane czy innych celem ukrycia faktycznego kosztu materia\u0142u. Przy zakupach nie korzystam z kredyt\u00f3w kupieckich czy odroczonych form p\u0142atno\u015bci.<\/li>\n<li>Jestem przeciwnikiem podwy\u017cszania cen materia\u0142u, tak aby <strong>maksymalnie obni\u017cy\u0107 cen\u0119 robocizny<\/strong> co jest jawnym powszechnym zjawiskiem w bran\u017cy budowlanej. Nazywaj\u0105c rzeczy delikatnie po imieniu jest to wprowadzanie klienta w b\u0142\u0105d, w dodatku na ka\u017cdym kolejnym etapie budowy.<\/li>\n<\/ul>\n<p>Czysta psychologiczna manipulacja, za kt\u00f3r\u0105 w rzeczywisto\u015bci stoj\u0105 nast\u0119puj\u0105ce fakty: majster mia\u0142 30 do nawet 70% upustu na materiale, na kt\u00f3ry pewnie jeszcze wcze\u015bniej wzi\u0105\u0142 od Was zaliczk\u0119. Upustem si\u0119 z Wami nie podzieli\u0142 za to z robocizn\u0105 zszed\u0142 poni\u017cej realnych cen z katalogowych norm pracy. W rzeczywisto\u015bci majster sw\u00f3j zysk odebra\u0142 jeszcze zanim wzi\u0105\u0142 do r\u0119ki \u015brubokr\u0119t.<\/p>\n<p>W zwi\u0105zku z tym, \u017ce na roboci\u017anie wychodzi u Was &#8222;na zero&#8221;, to mu si\u0119 nie spieszy z pracami, a zreszt\u0105 spokojnie mo\u017ce nawet prace u Was porzuci\u0107, je\u015bli b\u0119dziecie dla niego zbyt &#8222;problematyczni&#8221;!<\/p>\n<p>Dlaczego? Zysk sw\u00f3j ju\u017c odebra\u0142, a na podpisanie umowy zapewne \u017cadna ze stron nie nalega\u0142a :] Taka kr\u00f3tka historia dla przestrogi pocz\u0105tkuj\u0105cego inwestora: nawet je\u015bli zrobicie Pa\u0144stwo research o cenach danych produkt\u00f3w, na forach, w Internecie, katalogach producent\u00f3w, nawet przez telefon dzwoni\u0105c do hurtowni! I b\u0119dzie si\u0119 wam wydawa\u0107, \u017ce to &#8222;niestety rzeczywi\u015bcie tak du\u017co kosztuje&#8221; to w szczeg\u00f3lno\u015bci w przypadku pomp ciep\u0142a, kamer, rejestrator\u00f3w, system\u00f3w alarmowych i ich element\u00f3w zapewniam, \u017ce wykonawca zawsze mo\u017ce zej\u015b\u0107 zapewne jeszcze ni\u017cej. Wy za\u015b jeste\u015bcie przekonani, \u017ce to jest w\u0142a\u015bciwa cena.<\/p>\n<p>Ceny dla firm, ale tylko po podaniu NIPu, w ofertach przesy\u0142anych na poczt\u0119 firmow\u0105, w szczeg\u00f3lno\u015bci na te w\/w produkty, s\u0105 zawsze korzystniejsze, cz\u0119sto znacznie korzystniejsze!<\/p>\n<p>Przeliczam upust powykonawczy do materia\u0142\u00f3w je\u015bli je dostarczam i cz\u0119sto go stosuj\u0119 na ko\u0144cz\u0105cej p\u0142atno\u015bci. Tak si\u0119 dzieje w przypadku gdy mo\u017cna by\u0142o zastosowa\u0107 mniej materia\u0142u lub uzgodniono z inwestorem w trakcie prac r\u00f3wnowa\u017cny zamiennik wzgl\u0119dem oferty.<\/p>\n<ul>\n<li>Przeliczam upust powykonawczy do robocizny i r\u00f3wnie\u017c cz\u0119sto go stosuj\u0119 na ko\u0144cz\u0105cej p\u0142atno\u015bci.<\/li>\n<li>Prace dodatkowe zawsze realizuj\u0119 za wiedz\u0105 i zgod\u0105 inwestora.<\/li>\n<li>Staram si\u0119 by\u0107 terminowy, je\u015bli nie blokuj\u0105 mnie kwestie niezale\u017cne, wszystko si\u0119 sprawnie udaje.<\/li>\n<li>Popracuj\u0119 troch\u0119 d\u0142u\u017cej, nawet je\u015bli dla klienta &#8222;jako\u015b\u0107 si\u0119 nie liczy&#8221; &#8211; s\u0105 tacy klienci, ja nie lubi\u0119 poprawek, bo s\u0105 moj\u0105 potencjaln\u0105 strat\u0105.<\/li>\n<li>Nie pisz\u0119 tre\u015bci na stronie automatycznie oraz nie korzystam na poczcie z chata GPT \ud83d\ude42<\/li>\n<li>Doceniam etyk\u0119 w biznesie.<\/li>\n<\/ul>\n<p>&nbsp;<\/p>\n<p><strong>Materia\u0142y:<\/strong><\/p>\n<ul>\n<li>Staram si\u0119 wykorzystywa\u0107 polski materia\u0142 wysokiej jako\u015bci i cenowo konkurencyjny, <strong>ka\u017cdorazowo wykonuj\u0119 badanie rynku<\/strong>. Pomimo faktu, \u017ce ceny zna si\u0119 ju\u017c na pami\u0119\u0107 zawsze mo\u017cna co\u015b zoptymalizowa\u0107 w konkretnym przypadku.<\/li>\n<li>W nast\u0119pnej kolejno\u015bci stosuj\u0119 materia\u0142 pochodz\u0105cy z UE z mo\u017cliwie najwi\u0119kszym udzia\u0142em kapita\u0142u polskiego.<\/li>\n<li>W ostateczno\u015bci, zazwyczaj w przypadku rozwi\u0105za\u0144 zaawansowanych technologicznie oraz cechuj\u0105cych si\u0119 olbrzymi\u0105 innowacyjno\u015bci\u0105 realizuj\u0119 konstrukcje w\u0142asne modu\u0142owe z\u0142o\u017cone z prefabrykowanych modu\u0142\u00f3w wyprodukowanych poza UE w tym w pa\u0144stwie \u015brodka. Niestety w Europie nie produkuje si\u0119 komponent\u00f3w pozwalaj\u0105cych kreowa\u0107 przysz\u0142o\u015b\u0107 elektroniki, energoelektroniki, smart home czy szeroko rozumianego IOT. My\u015bl techniczna, zastosowanie i funkcjonalno\u015b\u0107 jest zdeterminowana na etapie uzgodnie\u0144 z klientem.<\/li>\n<li>Zazwyczaj <strong>udost\u0119pniam klientowi kod \u017ar\u00f3d\u0142owy<\/strong>. Zawsze udost\u0119pniam pliki konfiguracyjne system\u00f3w. Dokumentacj\u0119 r\u00f3wnie\u017c jestem w stanie wykona\u0107, zdj\u0119ciow\u0105, video lub odr\u0119cznie. W dobie rapid development nie mam czasu na realizacj\u0119 cyfrowych projekt\u00f3w powykonawczych wymagaj\u0105cych licencjonowanego oprogramowaniu.<\/li>\n<\/ul>\n<p>&nbsp;<\/p>\n<p>&nbsp;<\/p>\n","protected":false},"excerpt":{"rendered":"<p>Dlaczego warto z nami nawi\u0105za\u0107 wsp\u00f3\u0142prac\u0119? Transparentno\u015b\u0107 cen materia\u0142\u00f3w Na \u017c\u0105danie zamawiaj\u0105cego przedstawiam do wgl\u0105du faktur\u0119\/paragon\/dow\u00f3d zakupu z cen\u0105 zakupu materia\u0142u po wszystkich upustach. Nie zawy\u017cam cen materia\u0142\u00f3w poza minimaln\u0105 konieczn\u0105 mar\u017c\u0105 za obs\u0142ug\u0119 zam\u00f3wienia. W szczeg\u00f3lno\u015bci nie wystawiam hurtowniom, w kt\u00f3rych kupuj\u0119, faktur koryguj\u0105cych, bilansuj\u0105cych, za marketing, za fikcyjne prace budowlane czy innych celem&hellip;&nbsp;<a href=\"https:\/\/e.matmaholik.pl\/index.php\/o-nas\/\" class=\"\" rel=\"bookmark\">Czytaj dalej &raquo;<span class=\"screen-reader-text\">O nas<\/span><\/a><\/p>\n","protected":false},"author":1,"featured_media":0,"parent":0,"menu_order":0,"comment_status":"closed","ping_status":"closed","template":"","meta":{"neve_meta_sidebar":"","neve_meta_container":"","neve_meta_enable_content_width":"off","neve_meta_content_width":100,"neve_meta_title_alignment":"","neve_meta_author_avatar":"","neve_post_elements_order":"","neve_meta_disable_header":"","neve_meta_disable_footer":"","neve_meta_disable_title":"","footnotes":""},"class_list":["post-134","page","type-page","status-publish","hentry"],"_links":{"self":[{"href":"https:\/\/e.matmaholik.pl\/index.php\/wp-json\/wp\/v2\/pages\/134","targetHints":{"allow":["GET"]}}],"collection":[{"href":"https:\/\/e.matmaholik.pl\/index.php\/wp-json\/wp\/v2\/pages"}],"about":[{"href":"https:\/\/e.matmaholik.pl\/index.php\/wp-json\/wp\/v2\/types\/page"}],"author":[{"embeddable":true,"href":"https:\/\/e.matmaholik.pl\/index.php\/wp-json\/wp\/v2\/users\/1"}],"replies":[{"embeddable":true,"href":"https:\/\/e.matmaholik.pl\/index.php\/wp-json\/wp\/v2\/comments?post=134"}],"version-history":[{"count":6,"href":"https:\/\/e.matmaholik.pl\/index.php\/wp-json\/wp\/v2\/pages\/134\/revisions"}],"predecessor-version":[{"id":179,"href":"https:\/\/e.matmaholik.pl\/index.php\/wp-json\/wp\/v2\/pages\/134\/revisions\/179"}],"wp:attachment":[{"href":"https:\/\/e.matmaholik.pl\/index.php\/wp-json\/wp\/v2\/media?parent=134"}],"curies":[{"name":"wp","href":"https:\/\/api.w.org\/{rel}","templated":true}]}}