

{"id":33,"date":"2023-03-12T18:10:43","date_gmt":"2023-03-12T17:10:43","guid":{"rendered":"https:\/\/e.matmaholik.pl\/?page_id=33"},"modified":"2024-04-13T21:00:17","modified_gmt":"2024-04-13T19:00:17","slug":"kontakt","status":"publish","type":"page","link":"https:\/\/e.matmaholik.pl\/index.php\/kontakt\/","title":{"rendered":"Kontakt"},"content":{"rendered":"<p><strong>Jacek Bronk Elektroholik<\/strong><\/p>\n<p>tel.: 510007312<br \/>\nmail: elektroholik@matmaholik.pl<\/p>\n<p>81-582 Gdynia<br \/>\nul. Bieszczadzka, nr 12, lok. 22<br \/>\nNumer NIP: 5851395633<br \/>\nNumer REGON: 523808125<\/p>\n<p><a href=\"https:\/\/www.facebook.com\/Elektroholik\">https:\/\/www.facebook.com\/Elektroholik<\/a><\/p>\n<p>Wsp\u00f3\u0142rz\u0119dne OLC Dojazdu:<\/p>\n<p>Parking: FF24+4H, Gdynia, https:\/\/www.google.pl\/maps?q=FF24%2B4H%2C+Gdynia<\/p>\n<p>Wej\u015bcie do budynku: FF24+4V, Gdynia, https:\/\/www.google.pl\/maps?q=FF24%2B4V%2C+Gdynia<\/p>\n<p>Mapa:<\/p>\n<div id=\"ShortCode_Div\">\n\n\t\t\t\t<div id=\"map_ol3js_1\" class=\"map undefined\" data-map_name=\"undefined\" data-map=\"map_ol3js_1\" style=\"width:95%; max-width:100%; height:450px; display:block; overflow:hidden;border:2px solid grey; background-image: url(https:\/\/e.matmaholik.pl\/wp-content\/plugins\/osm\/GDPR_bckgrnd.png); background-repeat: no-repeat; background-position: center; position: relative;\" >\n\t\t\t\t  <div id=\"map_ol3js_1_popup\" class=\"ol-popup\" >\n\t\t\t\t\t<a href=\"#\" id=\"map_ol3js_1_popup-closer\" class=\"ol-popup-closer\"><\/a>\n\t\t\t\t\t<div id=\"map_ol3js_1_popup-content\" ><\/div>\n\t\t\t\t  <\/div>\n\t\t\t\t<\/div>\n\t\t\t\n\t\t\t\t<link rel=\"stylesheet\" href=\"https:\/\/e.matmaholik.pl\/wp-content\/plugins\/osm\/js\/OL\/7.1.0\/ol.css?ver=7.1.0\" type=\"text\/css\">\n\t\t\t\t<link rel=\"stylesheet\" href=\"https:\/\/e.matmaholik.pl\/wp-content\/plugins\/osm\/css\/osm_map_v3.css?ver=1.0.0\" type=\"text\/css\">\n\t\t\t\t<link rel=\"stylesheet\" href=\"https:\/\/e.matmaholik.pl\/wp-content\/plugins\/osm\/css\/osm_map.css?ver=1.0.0\" type=\"text\/css\">\n\t\t\t\t<!-- The line below is only needed for old environments like Internet Explorer and Android 4.x -->\n                                <script src=\"https:\/\/e.matmaholik.pl\/wp-content\/plugins\/osm\/js\/polyfill\/v2\/polyfill.min.js?features=requestAnimationFrame,Element.prototype.classList,URL\"><\/script>\n\n\t\t\t\t<script src=\"https:\/\/e.matmaholik.pl\/wp-content\/plugins\/osm\/js\/OL\/7.1.0\/ol.js?ver=7.1.0\" type=\"text\/javascript\"><\/script>\n\t\t\t\t<script src=\"https:\/\/e.matmaholik.pl\/wp-content\/plugins\/osm\/js\/osm-v3-plugin-lib.js?ver=1.0.0\" type=\"text\/javascript\"><\/script>\n\t\t\t\t<script src=\"https:\/\/e.matmaholik.pl\/wp-content\/plugins\/osm\/js\/osm-metabox-events.js?ver=1.0.0\" type=\"text\/javascript\"><\/script>\n\t\t\t\t<script src=\"https:\/\/e.matmaholik.pl\/wp-content\/plugins\/osm\/js\/osm-startup-lib.js\" type=\"text\/javascript\"><\/script>\n\t\t\t\t<script type=\"text\/javascript\">\n\t\t\t\t\ttranslations['openlayer'] = \"open layer\";\n\t\t\t\t\ttranslations['openlayerAtStartup'] = \"open layer at startup\";\n\t\t\t\t\ttranslations['generateLink'] = \"link to this map with opened layers\";\n\t\t\t\t\ttranslations['shortDescription'] = \"short description\";\n\t\t\t\t\ttranslations['generatedShortCode'] = \"to get a text control link paste this code in your wordpress editor\";\n\t\t\t\t\ttranslations['closeLayer'] = \"close layer\";\n\t\t\t\t\ttranslations['cantGenerateLink'] = \"put this string in the existing map short code to control this map\";\n\t\t\t  <\/script>\n\n\n\t\t\t  <script type=\"text\/javascript\">\n\t\t\t  vectorM['map_ol3js_1'] = [];\n\t        \n        var raster = getTileLayer(\"osm\",\"NoKey\");\t\t\t\n\n\t\t\t  var map_ol3js_1 = new ol.Map({\n\t\t\t\tinteractions: ol.interaction.defaults.defaults({mouseWheelZoom:false}),\n\t\t\t\tlayers: [raster],\n\t\t\t\ttarget: \"map_ol3js_1\",\n\t\t\t\tview: new ol.View({\n\t\t\t\t  center: ol.proj.transform([18.4559,54.4507], \"EPSG:4326\", \"EPSG:3857\"),\n\t\t\t\t  zoom: 18.0\n\t\t\t\t})\n\t\t\t  });\n\t\t\t  osm_addMarkerLayer(map_ol3js_1,18.4563,54.4504,\"https:\/\/e.matmaholik.pl\/wp-content\/plugins\/osm\/icons\/mic_black_energy_10.png\",-16,-41,\"<p><\/p>\") ; \naddControls2Map(map_ol3js_1,1,1,3,1,5,6,7,1,1);\nosm_addPopupClickhandler(map_ol3js_1,  \"map_ol3js_1\"); \nosm_addMouseHover(map_ol3js_1); <\/script><\/div>\n<p>Nr. konta:<\/p>\n<p>Nest Bank: 62 1870 1045 2078 1076 6621 0001<\/p>\n","protected":false},"excerpt":{"rendered":"<p>Jacek Bronk Elektroholik tel.: 510007312 mail: elektroholik@matmaholik.pl 81-582 Gdynia ul. Bieszczadzka, nr 12, lok. 22 Numer NIP: 5851395633 Numer REGON: 523808125 https:\/\/www.facebook.com\/Elektroholik Wsp\u00f3\u0142rz\u0119dne OLC Dojazdu: Parking: FF24+4H, Gdynia, https:\/\/www.google.pl\/maps?q=FF24%2B4H%2C+Gdynia Wej\u015bcie do budynku: FF24+4V, Gdynia, https:\/\/www.google.pl\/maps?q=FF24%2B4V%2C+Gdynia Mapa: Nr. konta: Nest Bank: 62 1870 1045 2078 1076 6621 0001<\/p>\n","protected":false},"author":1,"featured_media":0,"parent":0,"menu_order":0,"comment_status":"closed","ping_status":"closed","template":"","meta":{"neve_meta_sidebar":"","neve_meta_container":"","neve_meta_enable_content_width":"off","neve_meta_content_width":100,"neve_meta_title_alignment":"","neve_meta_author_avatar":"","neve_post_elements_order":"","neve_meta_disable_header":"","neve_meta_disable_footer":"","neve_meta_disable_title":"","footnotes":""},"class_list":["post-33","page","type-page","status-publish","hentry"],"_links":{"self":[{"href":"https:\/\/e.matmaholik.pl\/index.php\/wp-json\/wp\/v2\/pages\/33","targetHints":{"allow":["GET"]}}],"collection":[{"href":"https:\/\/e.matmaholik.pl\/index.php\/wp-json\/wp\/v2\/pages"}],"about":[{"href":"https:\/\/e.matmaholik.pl\/index.php\/wp-json\/wp\/v2\/types\/page"}],"author":[{"embeddable":true,"href":"https:\/\/e.matmaholik.pl\/index.php\/wp-json\/wp\/v2\/users\/1"}],"replies":[{"embeddable":true,"href":"https:\/\/e.matmaholik.pl\/index.php\/wp-json\/wp\/v2\/comments?post=33"}],"version-history":[{"count":13,"href":"https:\/\/e.matmaholik.pl\/index.php\/wp-json\/wp\/v2\/pages\/33\/revisions"}],"predecessor-version":[{"id":193,"href":"https:\/\/e.matmaholik.pl\/index.php\/wp-json\/wp\/v2\/pages\/33\/revisions\/193"}],"wp:attachment":[{"href":"https:\/\/e.matmaholik.pl\/index.php\/wp-json\/wp\/v2\/media?parent=33"}],"curies":[{"name":"wp","href":"https:\/\/api.w.org\/{rel}","templated":true}]}}