{"id":94,"date":"2023-04-02T16:35:33","date_gmt":"2023-04-02T14:35:33","guid":{"rendered":"https:\/\/e.matmaholik.pl\/?page_id=94"},"modified":"2023-05-25T09:17:49","modified_gmt":"2023-05-25T07:17:49","slug":"dzien-dobry","status":"publish","type":"page","link":"https:\/\/e.matmaholik.pl\/","title":{"rendered":"Dzie\u0144 dobry"},"content":{"rendered":"\r\n<div style=\"width: 1200px;\" class=\"wp-video\"><video class=\"wp-video-shortcode\" id=\"video-94-1\" width=\"1200\" height=\"675\" loop autoplay preload=\"auto\" controls=\"controls\"><source type=\"video\/mp4\" src=\"https:\/\/e.matmaholik.pl\/wp-content\/uploads\/2023\/05\/zakres-uslug.mp4?_=1\" \/><a href=\"https:\/\/e.matmaholik.pl\/wp-content\/uploads\/2023\/05\/zakres-uslug.mp4\">https:\/\/e.matmaholik.pl\/wp-content\/uploads\/2023\/05\/zakres-uslug.mp4<\/a><\/video><\/div>\r\n<p>&nbsp;<\/p>\r\n<p><strong>Szczeg\u00f3\u0142owy zakres us\u0142ug<\/strong><\/p>\r\n<ul>\r\n<li>monta\u017c sterownik\u00f3w i osprz\u0119tu smart home na tradycyjnej instalacji elektrycznej przy wykorzystaniu protoko\u0142\u00f3w komunikacji bezprzewodowej:\r\n<ul>\r\n<li>zigbee<\/li>\r\n<li>wifi<\/li>\r\n<\/ul>\r\n<\/li>\r\n<li>wykonawstwo nowych instalacji elektrycznych, w tym instalacji budynku inteligentnego, monta\u017c sterownik\u00f3w i modu\u0142\u00f3w przy wykorzystaniu protoko\u0142u komunikacji przewodowej:\r\n<ul>\r\n<li>modbus<\/li>\r\n<\/ul>\r\n<\/li>\r\n<li>monta\u017c i uruchomienie serwera i urz\u0105dze\u0144 budynku inteligentnego z home assistant lub innym integratorem po uzgodnieniu z Klientem<\/li>\r\n<li>oprogramowanie automatyzacji dla obiektu<\/li>\r\n<li>szkolenie podstawowe dla u\u017cytkownik\u00f3w Home Assistant<\/li>\r\n<li>szkolenie rozszerzone dla zaawansowanych u\u017cytkownik\u00f3w Home Assistant<\/li>\r\n<li>po deweloperskie przer\u00f3bki instalacji elektrycznych<\/li>\r\n<li>pod\u0142\u0105czenie i monta\u017c sprz\u0119tu AGD, autoryzacja gwarancji sprz\u0119tu zgodnie z wymogami karty gwarancyjnej producenta urz\u0105dzenia<\/li>\r\n<li>wykonawstwo, ogl\u0119dziny, naprawy i pomiary instalacji elektrycznych do 1 kV.<\/li>\r\n<li>pod\u0142\u0105czenie i monta\u017c sprz\u0119tu RTV<\/li>\r\n<li>monta\u017c i serwis system\u00f3w monitoringu<\/li>\r\n<li>monta\u017c i serwis system\u00f3w alarmowych<\/li>\r\n<li>integracja system\u00f3w monitoringi i system\u00f3w alarmowych z home assistant po uzgodnieniu z Klientem<\/li>\r\n<li>monta\u017c i oprogramowanie sterownik\u00f3w nawadniania<\/li>\r\n<li>monta\u017c system\u00f3w audio i multiroom<\/li>\r\n<li>integracja system\u00f3w klimatyzacji i pomp ciep\u0142a wybranych producent\u00f3w z systemem home assistant<\/li>\r\n<li>monta\u017c sterowania systemami ogrzewania pod\u0142ogowego<\/li>\r\n<li>monta\u017c sterowania grzejnikami<\/li>\r\n<li>monta\u017c o\u015bwietlenia led w tym ta\u015bm led CCT oraz ta\u015bm adresowalnych ws2812b i inne.<\/li>\r\n<li>monta\u017c i wykonawstwo sieci lan kat 5 i 6, sieci wifi 4 5 i 6, w tym dostarczenie sprz\u0119tu: routery i accespointy oparte o oprogramowanie openwrt<\/li>\r\n<li>monta\u017c i dob\u00f3r czujnik\u00f3w temperatury; wilgotno\u015bci; dymu; ci\u015bnienia; czadu; etanolu; lpg; metanu; \u015bwiat\u0142a; ruchu: pir, mikrofalowe, hybrydowe\/obecno\u015bci; promieniowania UV; wi\u0105zki lasera; nacisku\/masy\/tensometry; liczniki impuls\u00f3w \u015bwiat\u0142a, impuls\u00f3w elektrycznych; cz\u0105stek py\u0142\u00f3w\/zanieczyszczenia; stacje pogodowe i inne po uzgodnieniu.<\/li>\r\n<li>budowa i dostarczenie system\u00f3w akwizycji danych pomiarowych po uzgodnieniu z Klientem<\/li>\r\n<li>budowa autorskich urz\u0105dze\u0144 smart home w tym przer\u00f3bki lamp, pod\u015bwietlenia witryn, schod\u00f3w, wn\u0119k mebli<\/li>\r\n<li>projektowanie i monta\u017c system\u00f3w smart dla akwaryst\u00f3w<\/li>\r\n<li>monta\u017c bezprzewodowych, zasilanych bateryjnie system\u00f3w kontroli dost\u0119pu w tym dostosowanie\/wymiana wk\u0142adki drzwi na wk\u0142adk\u0119 ze sprz\u0119g\u0142em bezpiecznym, jedynie w zakresie tej us\u0142ugi mo\u017cliwy r\u00f3wnie\u017c monta\u017c samozamykacza do drzwi<\/li>\r\n<li>wykonywanie przy\u0142\u0105cz energetycznych tymczasowych (na plac budowy) oraz docelowych zgodnie z projektem oraz warunkami przy\u0142\u0105czenia.<\/li>\r\n<\/ul>\r\n<p>&nbsp;<\/p>\r\n","protected":false},"excerpt":{"rendered":"<p>&nbsp; Szczeg\u00f3\u0142owy zakres us\u0142ug monta\u017c sterownik\u00f3w i osprz\u0119tu smart home na tradycyjnej instalacji elektrycznej przy wykorzystaniu protoko\u0142\u00f3w komunikacji bezprzewodowej: zigbee wifi wykonawstwo nowych instalacji elektrycznych, w tym instalacji budynku inteligentnego, monta\u017c sterownik\u00f3w i modu\u0142\u00f3w przy wykorzystaniu protoko\u0142u komunikacji przewodowej: modbus monta\u017c i uruchomienie serwera i urz\u0105dze\u0144 budynku inteligentnego z home assistant lub innym integratorem po&hellip;&nbsp;<a href=\"https:\/\/e.matmaholik.pl\/\" class=\"\" rel=\"bookmark\">Czytaj dalej &raquo;<span class=\"screen-reader-text\">Dzie\u0144 dobry<\/span><\/a><\/p>\n","protected":false},"author":1,"featured_media":0,"parent":0,"menu_order":0,"comment_status":"closed","ping_status":"closed","template":"","meta":{"neve_meta_sidebar":"","neve_meta_container":"","neve_meta_enable_content_width":"off","neve_meta_content_width":100,"neve_meta_title_alignment":"","neve_meta_author_avatar":"","neve_post_elements_order":"","neve_meta_disable_header":"","neve_meta_disable_footer":"","neve_meta_disable_title":"","footnotes":""},"class_list":["post-94","page","type-page","status-publish","hentry"],"_links":{"self":[{"href":"https:\/\/e.matmaholik.pl\/index.php\/wp-json\/wp\/v2\/pages\/94","targetHints":{"allow":["GET"]}}],"collection":[{"href":"https:\/\/e.matmaholik.pl\/index.php\/wp-json\/wp\/v2\/pages"}],"about":[{"href":"https:\/\/e.matmaholik.pl\/index.php\/wp-json\/wp\/v2\/types\/page"}],"author":[{"embeddable":true,"href":"https:\/\/e.matmaholik.pl\/index.php\/wp-json\/wp\/v2\/users\/1"}],"replies":[{"embeddable":true,"href":"https:\/\/e.matmaholik.pl\/index.php\/wp-json\/wp\/v2\/comments?post=94"}],"version-history":[{"count":10,"href":"https:\/\/e.matmaholik.pl\/index.php\/wp-json\/wp\/v2\/pages\/94\/revisions"}],"predecessor-version":[{"id":140,"href":"https:\/\/e.matmaholik.pl\/index.php\/wp-json\/wp\/v2\/pages\/94\/revisions\/140"}],"wp:attachment":[{"href":"https:\/\/e.matmaholik.pl\/index.php\/wp-json\/wp\/v2\/media?parent=94"}],"curies":[{"name":"wp","href":"https:\/\/api.w.org\/{rel}","templated":true}]}}